{"id":1386,"date":"2015-12-14T07:14:55","date_gmt":"2015-12-14T07:14:55","guid":{"rendered":"http:\/\/consulting.stylemixthemes.com\/demo\/?page_id=2"},"modified":"2025-06-16T18:54:12","modified_gmt":"2025-06-16T18:54:12","slug":"home","status":"publish","type":"page","link":"https:\/\/ceniferr.com\/","title":{"rendered":"Ceniferr &#8211; Agua Potable y Alcantarillado"},"content":{"rendered":"<p>[vc_row][vc_column][vc_column_text]<!--vcv no format--><\/p>\n<div class=\"vce-row-container\" data-vce-boxed-width=\"true\">\n<div id=\"el-3527904c\" class=\"vce-row vce-row--col-gap-30 vce-row-equal-height vce-row-content--top\" data-vce-do-apply=\"all el-3527904c\">\n<div class=\"vce-row-content\" data-vce-element-content=\"true\">\n<div id=\"el-2f8ce26d\" class=\"vce-col vce-col--md-auto vce-col--xs-1 vce-col--xs-last vce-col--xs-first vce-col--sm-last vce-col--sm-first vce-col--md-last vce-col--lg-last vce-col--xl-last vce-col--md-first vce-col--lg-first vce-col--xl-first\">\n<div class=\"vce-col-inner\" data-vce-do-apply=\"border margin background el-2f8ce26d\">\n<div class=\"vce-col-content\" data-vce-element-content=\"true\" data-vce-do-apply=\"padding el-2f8ce26d\">\n<div class=\"vce-text-block\">\n<div id=\"el-dd2a7974\" class=\"vce-text-block-wrapper vce\" data-vce-do-apply=\"all el-dd2a7974\">[\/vc_column_text][\/vc_column][\/vc_row][vc_row][vc_column css=\u00bb.vc_custom_1655140378958{margin-top: 160px !important;}\u00bb offset=\u00bbvc_hidden-xs\u00bb][\/vc_column][\/vc_row][vc_row css=\u00bb.vc_custom_1450677977665{margin-bottom: 0px !important;}\u00bb][vc_column][rev_slider_vc alias=\u00bbreveal-add-on57&#8243;][\/vc_column][\/vc_row][vc_row full_width=\u00bbstretch_row\u00bb css=\u00bb.vc_custom_1600776130642{padding-bottom: 30px !important;background-color: #f2f2f2 !important;}\u00bb][vc_column][vc_row_inner][vc_column_inner width=\u00bb1\/3&#8243;][stm_icon_box hide_title_line=\u00bbhide_title_line\u00bb enable_hexagon=\u00bbenable\u00bb enable_hexagon_animation=\u00bbenable\u00bb icon=\u00bbfa fa-check\u00bb style=\u00bbicon_left\u00bb icon_size=\u00bb22&#8243; icon_width=\u00bb78&#8243; title=\u00bbTecnolog\u00eda de<br \/>\nVanguardia\u00bb]<\/p>\n<p style=\"text-align: justify;\">Nos caracterizamos por integrar permanentemente fabricantes y soluciones con tecnolog\u00eda de vanguardia que satisfacen las necesidades y exceden las expectativas de nuestros clientes. Somos importadores y distribuidrores directos para el Ecuador.<\/p>\n<p>[\/stm_icon_box][\/vc_column_inner][vc_column_inner width=\u00bb1\/3&#8243;][stm_icon_box hide_title_line=\u00bbhide_title_line\u00bb enable_hexagon=\u00bbenable\u00bb enable_hexagon_animation=\u00bbenable\u00bb icon=\u00bbfa fa-check\u00bb style=\u00bbicon_left\u00bb icon_size=\u00bb22&#8243; icon_width=\u00bb78&#8243; title=\u00bbRespaldo<br \/>\ny Servicio\u00bb]<\/p>\n<p style=\"text-align: justify;\">Los productos que importamos y distribuimos en el mercado ecuatoriano por m\u00e1s de 30 a\u00f1os, se caracterizan por su presici\u00f3n, calidad y por contar con stock permanente de partes y piezas; esto como parte de nuestro respaldo y servicio de post-venta.<\/p>\n<p>[\/stm_icon_box][\/vc_column_inner][vc_column_inner width=\u00bb1\/3&#8243;][stm_icon_box hide_title_line=\u00bbhide_title_line\u00bb enable_hexagon=\u00bbenable\u00bb enable_hexagon_animation=\u00bbenable\u00bb icon=\u00bbfa fa-check\u00bb style=\u00bbicon_left\u00bb icon_size=\u00bb22&#8243; icon_width=\u00bb78&#8243; title=\u00bbNuestras<br \/>\nOperaciones\u00bb]<\/p>\n<p style=\"text-align: justify;\">Adem\u00e1s de contar con una extensa variedad de productos, contamos con un stock permanente, que nos permite asegurar a nuestros clientes entrega inmediata y r\u00e1pida soluci\u00f3n a sus requerimientos para la instalaci\u00f3n de redes y sistemas de agua potable y alcantarillado.<\/p>\n<p>[\/stm_icon_box][\/vc_column_inner][\/vc_row_inner][\/vc_column][\/vc_row][vc_row full_width=\u00bbstretch_row_content\u00bb equal_height=\u00bbyes\u00bb content_placement=\u00bbmiddle\u00bb video_bg=\u00bbyes\u00bb video_bg_url=\u00bbhttps:\/\/www.youtube.com\/watch?v=SWx_19XGbxo\u00bb video_bg_parallax=\u00bbcontent-moving-fade\u00bb css=\u00bb.vc_custom_1600720578686{background-color: #1000ff !important;}\u00bb][vc_column][vc_single_image image=\u00bb2947&#8243; img_size=\u00bblarge\u00bb alignment=\u00bbcenter\u00bb css=\u00bb.vc_custom_1600721391546{margin-top: 50px !important;}\u00bb][vc_column_text css=\u00bb.vc_custom_1750100038727{margin-bottom: 50px !important;}\u00bb]<\/p>\n<p style=\"text-align: center;\"><span style=\"color: #ffffff;\">CENIFERR SAS es una organizaci\u00f3n empresarial cuya actividad es la importaci\u00f3n y representaci\u00f3n de medidores de agua BAYLAN WATER METERS y v\u00e1lvulas de corte inviolable TOSVAL as\u00ed como tambi\u00e9n de las tapas de alcantarillado en las versiones l\u00e1mina compuesta no reciclable o hierro ductil marca ALLIGATOR, valvula de compuerta bridada, valvula de compuerta lisa, valvula de compuerta socket UZ, valvula mariposa wafer y bridada, valvula check, filtros, valvula reguladora de presi\u00f3n, valvula de aire, valvula flotadora, valvula tipo guillotina, valvula de globo, junta de desmontaje, uni\u00f3n giboult para PVC y PEAD, junta brida universal para PVC y PEAD, otros accesorios de hierro ductil e hidrantes de hierro d\u00factil VERRATTI, abrazaderas de acero inoxidable BREEZE y cajas porta medidor para piso y pared marca DH y NEWTON.<\/span><\/p>\n<p style=\"text-align: center;\"><span style=\"color: #ffffff;\">Somos pioneros en brindar a las empresas operadoras de Agua Potable, servicio de Post-Venta con un moderno Banco de Pruebas que confirman la presici\u00f3n de los medidores para agua, adem\u00e1s de contar con un completo stock de kits de reparaci\u00f3n. Esto y los m\u00e1s de 30 a\u00f1os en el mercado ecuatoriano nos hacen l\u00edderes en el suministro de productos y materiales para redes de agua potable y alcantarillado, con bases firmes en tecnolog\u00eda, calidad y garant\u00eda.<\/span><\/p>\n<p>[\/vc_column_text][\/vc_column][\/vc_row][vc_column][vc_custom_heading text=\u00bb30 a\u00f1os de experiencia\u00bb font_container=\u00bbtag:h2|text_align:center|color:%231b3f91&#8243; google_fonts=\u00bbfont_family:Montserrat%3Aregular%2C700|font_style:700%20bold%20regular%3A700%3Anormal\u00bb][vc_column_text]<\/p>\n<p style=\"text-align: center;\">Desde 1991 representante e importador directo de materiales, instrumentos y accesorios para la conducci\u00f3n, medici\u00f3n y registro de agua potable y alcantarillado, con certificaciones nacionales e internacionales.<\/p>\n<p style=\"text-align: center;\">Gracias a la madurez obtenida en los m\u00e1s de 30 a\u00f1os de experiencia; a trav\u00e9s de nuestras operaciones en la ciudad de Guayaquil, servimos a todo el Ecuador, manteni\u00e9ndonos durante este tiempo en una posici\u00f3n de liderazgo e innovaci\u00f3n continua.<\/p>\n<p style=\"text-align: center;\">Ahora queremos tambi\u00e9n ser parte de su historia, adelant\u00e9monos hacia un mundo mejor.<\/p>\n<p>[\/vc_column_text][\/vc_column][vc_row css=\u00bb.vc_custom_1600768923295{margin-top: 50px !important;}\u00bb][vc_column][vc_custom_heading text=\u00bbMisi\u00f3n\u00bb font_container=\u00bbtag:h2|text_align:center|color:%231b3f91&#8243; google_fonts=\u00bbfont_family:Montserrat%3Aregular%2C700|font_style:700%20bold%20regular%3A700%3Anormal\u00bb][vc_column_text]<\/p>\n<p style=\"text-align: center;\">Brindar a las empresas operadoras de Agua Potable soluciones anti-fraude para los equipos de medici\u00f3n y control del suministro del l\u00edquido vital. Respaldar y garantizar nuestros productos y servicios de Post-Venta con un moderno banco de pruebas que los certifican.<\/p>\n<p>[\/vc_column_text][\/vc_column][\/vc_row][vc_row css=\u00bb.vc_custom_1600768923295{margin-top: 50px !important;}\u00bb][vc_column][vc_custom_heading text=\u00bbVisi\u00f3n\u00bb font_container=\u00bbtag:h2|text_align:center|color:%231b3f91&#8243; google_fonts=\u00bbfont_family:Montserrat%3Aregular%2C700|font_style:700%20bold%20regular%3A700%3Anormal\u00bb][vc_column_text]<\/p>\n<p style=\"text-align: center;\">Ser l\u00edderes en el mercado con la incorporaci\u00f3n de nuevos productos que aseguren una mayor eficiencia y ahorro de recursos para el sector. Proyectamos tambi\u00e9n servicio de Post-Venta con la implementaci\u00f3n y desarrollo de tecnolog\u00eda aplicada en el campo de la medici\u00f3n en nuestro pa\u00eds.<\/p>\n<p>[\/vc_column_text][\/vc_column][\/vc_row][vc_row css=\u00bb.vc_custom_1600769216542{margin-top: 50px !important;}\u00bb][vc_column][vc_custom_heading text=\u00bbNUESTRAS MARCAS\u00bb font_container=\u00bbtag:h2|text_align:center|color:%231b3f91&#8243; google_fonts=\u00bbfont_family:Montserrat%3Aregular%2C700|font_style:700%20bold%20regular%3A700%3Anormal\u00bb][vc_single_image image=\u00bb2945&#8243; img_size=\u00bb1598&#215;183&#8243; alignment=\u00bbcenter\u00bb][\/vc_column][\/vc_row][vc_row][vc_column][vc_column_text]<\/p>\n<p><\/div>\n<\/div>\n<\/div>\n<\/div>\n<\/div>\n<\/div>\n<\/div>\n<\/div>\n<p><!--vcv no format-->[\/vc_column_text][\/vc_column][\/vc_row]<\/p>\n","protected":false},"excerpt":{"rendered":"<p>[vc_row][vc_column][vc_column_text] [\/vc_column_text][\/vc_column][\/vc_row][vc_row][vc_column css=\u00bb.vc_custom_1655140378958{margin-top: 160px !important;}\u00bb offset=\u00bbvc_hidden-xs\u00bb][\/vc_column][\/vc_row][vc_row css=\u00bb.vc_custom_1450677977665{margin-bottom: 0px !important;}\u00bb][vc_column][rev_slider_vc alias=\u00bbreveal-add-on57&#8243;][\/vc_column][\/vc_row][vc_row full_width=\u00bbstretch_row\u00bb css=\u00bb.vc_custom_1600776130642{padding-bottom: 30px !important;background-color: #f2f2f2 !important;}\u00bb][vc_column][vc_row_inner][vc_column_inner width=\u00bb1\/3&#8243;][stm_icon_box hide_title_line=\u00bbhide_title_line\u00bb enable_hexagon=\u00bbenable\u00bb enable_hexagon_animation=\u00bbenable\u00bb icon=\u00bbfa fa-check\u00bb style=\u00bbicon_left\u00bb icon_size=\u00bb22&#8243; icon_width=\u00bb78&#8243; title=\u00bbTecnolog\u00eda de Vanguardia\u00bb] Nos caracterizamos por integrar permanentemente fabricantes y soluciones con tecnolog\u00eda de vanguardia que satisfacen las necesidades y exceden las expectativas de nuestros clientes. Somos importadores y distribuidrores<\/p>\n","protected":false},"author":1,"featured_media":0,"parent":0,"menu_order":0,"comment_status":"closed","ping_status":"closed","template":"","meta":{"footnotes":""},"class_list":["post-1386","page","type-page","status-publish","hentry"],"aioseo_notices":[],"_links":{"self":[{"href":"https:\/\/ceniferr.com\/index.php?rest_route=\/wp\/v2\/pages\/1386","targetHints":{"allow":["GET"]}}],"collection":[{"href":"https:\/\/ceniferr.com\/index.php?rest_route=\/wp\/v2\/pages"}],"about":[{"href":"https:\/\/ceniferr.com\/index.php?rest_route=\/wp\/v2\/types\/page"}],"author":[{"embeddable":true,"href":"https:\/\/ceniferr.com\/index.php?rest_route=\/wp\/v2\/users\/1"}],"replies":[{"embeddable":true,"href":"https:\/\/ceniferr.com\/index.php?rest_route=%2Fwp%2Fv2%2Fcomments&post=1386"}],"version-history":[{"count":75,"href":"https:\/\/ceniferr.com\/index.php?rest_route=\/wp\/v2\/pages\/1386\/revisions"}],"predecessor-version":[{"id":3159,"href":"https:\/\/ceniferr.com\/index.php?rest_route=\/wp\/v2\/pages\/1386\/revisions\/3159"}],"wp:attachment":[{"href":"https:\/\/ceniferr.com\/index.php?rest_route=%2Fwp%2Fv2%2Fmedia&parent=1386"}],"curies":[{"name":"wp","href":"https:\/\/api.w.org\/{rel}","templated":true}]}}