{"id":1388,"date":"2015-12-15T07:37:33","date_gmt":"2015-12-15T07:37:33","guid":{"rendered":"http:\/\/consulting.stylemixthemes.com\/demo\/?page_id=9"},"modified":"2020-10-22T18:06:13","modified_gmt":"2020-10-22T18:06:13","slug":"nosotros","status":"publish","type":"page","link":"https:\/\/ceniferr.com\/?page_id=1388","title":{"rendered":"Nosotros"},"content":{"rendered":"<p>[vc_row css=\u00bb.vc_custom_1600768923295{margin-top: 50px !important;}\u00bb][vc_column][vc_custom_heading text=\u00bb25 a\u00f1os de experiencia\u00bb font_container=\u00bbtag:h2|text_align:center|color:%230000ff\u00bb google_fonts=\u00bbfont_family:Montserrat%3Aregular%2C700|font_style:700%20bold%20regular%3A700%3Anormal\u00bb][vc_column_text]<\/p>\n<p style=\"text-align: center;\">Desde 1991 representante e importador directo de materiales, instrumentos y accesorios para la conducci\u00f3n, medici\u00f3n y registro de agua potable y alcantarillado, con certificaciones nacionales e internacionales.<\/p>\n<p style=\"text-align: center;\">Gracias a la madurez obtenida en m\u00e1s de 25 a\u00f1os de experiencia; a trav\u00e9s de nuestras operaciones en la ciudad de Guayaquil, servimos a todo el Ecuador, manteni\u00e9ndonos durante este tiempo en una posici\u00f3n de liderazgo en innovaci\u00f3n cont\u00ednua.<\/p>\n<p style=\"text-align: center;\">Ahora queremos tambi\u00e9n ser parte de su historia, adelant\u00e9monos a un mundo mejor.<\/p>\n<p>[\/vc_column_text][\/vc_column][\/vc_row][vc_row full_width=\u00bbstretch_row_content_no_spaces\u00bb css=\u00bb.vc_custom_1600770276959{margin-top: 50px !important;margin-bottom: 50px !important;padding-top: 50px !important;padding-right: 100px !important;padding-bottom: 30px !important;padding-left: 100px !important;background-image: url(http:\/\/ceniferr.com\/wp-content\/uploads\/2020\/09\/FONDO.jpg?id=2028) !important;background-position: center !important;background-repeat: no-repeat !important;background-size: cover !important;}\u00bb][vc_column width=\u00bb1\/3&#8243;][vc_custom_heading text=\u00bbTecnolog\u00eda de Vanguardia\u00bb font_container=\u00bbtag:h3|text_align:center|color:%23ffffff\u00bb google_fonts=\u00bbfont_family:Montserrat%3Aregular%2C700|font_style:700%20bold%20regular%3A700%3Anormal\u00bb css=\u00bb.vc_custom_1600769841149{padding-right: 40px !important;padding-left: 40px !important;}\u00bb][vc_column_text css=\u00bb.vc_custom_1600770169794{padding-right: 50px !important;padding-left: 50px !important;}\u00bb]<\/p>\n<p style=\"text-align: center;\"><span style=\"color: #ffffff;\">Nos caracterizamos por integrar permanentemente fabricantes y soluciones con tecnolog\u00eda de vanguardia que satisfacen las nececidades y exceden las espectativas de nuestros clientes. <\/span><span style=\"color: #ffffff;\">Somos importadores y distribuidores directos para el Ecuador.<\/span><\/p>\n<p>[\/vc_column_text][\/vc_column][vc_column width=\u00bb1\/3&#8243;][vc_custom_heading text=\u00bbRespaldo y Servicio\u00bb font_container=\u00bbtag:h3|text_align:center|color:%23ffffff\u00bb google_fonts=\u00bbfont_family:Montserrat%3Aregular%2C700|font_style:700%20bold%20regular%3A700%3Anormal\u00bb css=\u00bb.vc_custom_1600769954060{padding-right: 40px !important;padding-left: 40px !important;}\u00bb][vc_column_text css=\u00bb.vc_custom_1600770161201{padding-right: 50px !important;padding-left: 50px !important;}\u00bb]<\/p>\n<p style=\"text-align: center;\"><span style=\"color: #ffffff;\">Los productos que importamos y distribuimos en el mercado ecuatoriano por m\u00e1s de 25 a\u00f1os se caracterizan por su presici\u00f3n, calidad y por contar con stock permanente de partes y piezas; esto como parte de nuestro respaldo y servicio de post-venta.<\/span><\/p>\n<p>[\/vc_column_text][\/vc_column][vc_column width=\u00bb1\/3&#8243;][vc_custom_heading text=\u00bbNuestras Operaciones\u00bb font_container=\u00bbtag:h3|text_align:center|color:%23ffffff\u00bb google_fonts=\u00bbfont_family:Montserrat%3Aregular%2C700|font_style:700%20bold%20regular%3A700%3Anormal\u00bb css=\u00bb.vc_custom_1600769966245{padding-right: 40px !important;padding-left: 40px !important;}\u00bb][vc_column_text css=\u00bb.vc_custom_1600770152088{padding-right: 50px !important;padding-left: 50px !important;}\u00bb]<\/p>\n<p style=\"text-align: center;\"><span style=\"color: #ffffff;\">Adem\u00e1s de contar con una extensa variedad de productos, contamos con un stock permanente, que nos permite asegurar a nuestros clientes entrega inmediata y una r\u00e1pida soluci\u00f3n a sus requerimientos para la instalaci\u00f3n de redes y sistemas de agua potable y alcantarillado.<\/span><\/p>\n<p>[\/vc_column_text][\/vc_column][\/vc_row][vc_row css=\u00bb.vc_custom_1600769216542{margin-top: 50px !important;}\u00bb][vc_column][vc_custom_heading text=\u00bbNUESTRAS MARCAS\u00bb font_container=\u00bbtag:h2|text_align:center|color:%230000ff\u00bb google_fonts=\u00bbfont_family:Montserrat%3Aregular%2C700|font_style:700%20bold%20regular%3A700%3Anormal\u00bb][vc_single_image image=\u00bb1900&#8243; img_size=\u00bb1162&#215;85&#8243; alignment=\u00bbcenter\u00bb][\/vc_column][\/vc_row]<\/p>\n","protected":false},"excerpt":{"rendered":"<p>[vc_row css=\u00bb.vc_custom_1600768923295{margin-top: 50px !important;}\u00bb][vc_column][vc_custom_heading text=\u00bb25 a\u00f1os de experiencia\u00bb font_container=\u00bbtag:h2|text_align:center|color:%230000ff\u00bb google_fonts=\u00bbfont_family:Montserrat%3Aregular%2C700|font_style:700%20bold%20regular%3A700%3Anormal\u00bb][vc_column_text] Desde 1991 representante e importador directo de materiales, instrumentos y accesorios para la conducci\u00f3n, medici\u00f3n y registro de agua potable y alcantarillado, con certificaciones nacionales e internacionales. Gracias a la madurez obtenida en m\u00e1s de 25 a\u00f1os de experiencia; a trav\u00e9s de nuestras operaciones en<\/p>\n","protected":false},"author":1,"featured_media":0,"parent":0,"menu_order":0,"comment_status":"closed","ping_status":"closed","template":"","meta":{"footnotes":""},"class_list":["post-1388","page","type-page","status-publish","hentry"],"aioseo_notices":[],"_links":{"self":[{"href":"https:\/\/ceniferr.com\/index.php?rest_route=\/wp\/v2\/pages\/1388","targetHints":{"allow":["GET"]}}],"collection":[{"href":"https:\/\/ceniferr.com\/index.php?rest_route=\/wp\/v2\/pages"}],"about":[{"href":"https:\/\/ceniferr.com\/index.php?rest_route=\/wp\/v2\/types\/page"}],"author":[{"embeddable":true,"href":"https:\/\/ceniferr.com\/index.php?rest_route=\/wp\/v2\/users\/1"}],"replies":[{"embeddable":true,"href":"https:\/\/ceniferr.com\/index.php?rest_route=%2Fwp%2Fv2%2Fcomments&post=1388"}],"version-history":[{"count":73,"href":"https:\/\/ceniferr.com\/index.php?rest_route=\/wp\/v2\/pages\/1388\/revisions"}],"predecessor-version":[{"id":2885,"href":"https:\/\/ceniferr.com\/index.php?rest_route=\/wp\/v2\/pages\/1388\/revisions\/2885"}],"wp:attachment":[{"href":"https:\/\/ceniferr.com\/index.php?rest_route=%2Fwp%2Fv2%2Fmedia&parent=1388"}],"curies":[{"name":"wp","href":"https:\/\/api.w.org\/{rel}","templated":true}]}}