{"id":1395,"date":"2016-01-07T04:23:21","date_gmt":"2016-01-07T04:23:21","guid":{"rendered":"http:\/\/consulting.stylemixthemes.com\/demo\/?page_id=377"},"modified":"2016-11-22T13:11:03","modified_gmt":"2016-11-22T13:11:03","slug":"company-history","status":"publish","type":"page","link":"https:\/\/ceniferr.com\/?page_id=1395","title":{"rendered":"Nuestra historia"},"content":{"rendered":"<p>[vc_row css=\u00bb.vc_custom_1451991003825{margin-bottom: 100px !important;}\u00bb][vc_column width=\u00bb3\/4&#8243;][vc_single_image image=\u00bb33&#8243; img_size=\u00bbfull\u00bb css=\u00bb.vc_custom_1452141433663{margin-bottom: 46px !important;}\u00bb][vc_column_text css=\u00bb.vc_custom_1479820195139{margin-bottom: 50px !important;}\u00bb]<\/p>\n<h2>Historia de la Compa\u00f1\u00eda<\/h2>\n<p>CENIFERR es una organizaci\u00f3n empresarial cuya actividad principal es la importaci\u00f3n y representaci\u00f3n de los Medidores de agua y v\u00e1lvulas DH METERS, as\u00ed como tambi\u00e9n de las Valvulas y accesorios de Hierro Ductil ALLIGATOR, abrazaderas de acero inoxidable BREEZE y cajas porta medidores para piso DH. Somos pioneros en brindar a las empresas operadoras de Agua Potable, servicio de Post-venta con un moderno Banco de Pruebas que confirman la precision de los medidores para agua, ademas de contar con un completo stock de kits de reparacion.[\/vc_column_text][stm_company_history][stm_company_history_item year=\u00bb1985&#8243; title=\u00bbstart with a small service\u00bb description=\u00bbThis was the time when we started our company. We had no idea how far we would go, we weren\u2019t even sure that we would be able to survive for a few years. What drove us to start the company was the understanding that we could provide a service no one else was providing.\u00bb][stm_company_history_item year=\u00bb1990&#8243; title=\u00bbfirst employees\u00bb description=\u00bbThis was the first period when Consulting WP actually felt like it would stick around for a while. We realized we were growing more stable and expanding at the same time. We needed a new office as we had severely outgrown the last one. We started scouting for a new location.\u00bb][stm_company_history_item year=\u00bb2001&#8243; title=\u00bbfirst recognition\u00bb description=\u00bbBy this time we were a well known name within the industry. We had been prominent members of the industry for more than 16 years and worked for some of the biggest clients in the industry; we weren\u2019t dismissed by anyone because we could not be dismissed by anyone.\u00bb][stm_company_history_item year=\u00bb2015&#8243; title=\u00bbconsulting wp \u2014 corporation or family\u00bb description=\u00bbOur journey has only brought us higher. Information Technology completely changes the way we analyze and present data. We have embraced new technologies and have ensured that our clients receive cutting edge analytics. As we go on towards the future we intend to exploit the full potential of new technologies to power our services.\u00bb][\/stm_company_history][\/vc_column][vc_column width=\u00bb1\/4&#8243;][stm_sidebar sidebar=\u00bb311&#8243;][\/vc_column][\/vc_row]<\/p>\n","protected":false},"excerpt":{"rendered":"<p>[vc_row css=\u00bb.vc_custom_1451991003825{margin-bottom: 100px !important;}\u00bb][vc_column width=\u00bb3\/4&#8243;][vc_single_image image=\u00bb33&#8243; img_size=\u00bbfull\u00bb css=\u00bb.vc_custom_1452141433663{margin-bottom: 46px !important;}\u00bb][vc_column_text css=\u00bb.vc_custom_1479820195139{margin-bottom: 50px !important;}\u00bb] Historia de la Compa\u00f1\u00eda CENIFERR es una organizaci\u00f3n empresarial cuya actividad principal es la importaci\u00f3n y representaci\u00f3n de los Medidores de agua y v\u00e1lvulas DH METERS, as\u00ed como tambi\u00e9n de las Valvulas y accesorios de Hierro Ductil ALLIGATOR, abrazaderas de acero inoxidable<\/p>\n","protected":false},"author":1,"featured_media":0,"parent":1388,"menu_order":0,"comment_status":"closed","ping_status":"closed","template":"","meta":{"footnotes":""},"class_list":["post-1395","page","type-page","status-publish","hentry"],"aioseo_notices":[],"_links":{"self":[{"href":"https:\/\/ceniferr.com\/index.php?rest_route=\/wp\/v2\/pages\/1395","targetHints":{"allow":["GET"]}}],"collection":[{"href":"https:\/\/ceniferr.com\/index.php?rest_route=\/wp\/v2\/pages"}],"about":[{"href":"https:\/\/ceniferr.com\/index.php?rest_route=\/wp\/v2\/types\/page"}],"author":[{"embeddable":true,"href":"https:\/\/ceniferr.com\/index.php?rest_route=\/wp\/v2\/users\/1"}],"replies":[{"embeddable":true,"href":"https:\/\/ceniferr.com\/index.php?rest_route=%2Fwp%2Fv2%2Fcomments&post=1395"}],"version-history":[{"count":2,"href":"https:\/\/ceniferr.com\/index.php?rest_route=\/wp\/v2\/pages\/1395\/revisions"}],"predecessor-version":[{"id":1553,"href":"https:\/\/ceniferr.com\/index.php?rest_route=\/wp\/v2\/pages\/1395\/revisions\/1553"}],"up":[{"embeddable":true,"href":"https:\/\/ceniferr.com\/index.php?rest_route=\/wp\/v2\/pages\/1388"}],"wp:attachment":[{"href":"https:\/\/ceniferr.com\/index.php?rest_route=%2Fwp%2Fv2%2Fmedia&parent=1395"}],"curies":[{"name":"wp","href":"https:\/\/api.w.org\/{rel}","templated":true}]}}